{"id":2988,"date":"2025-06-10T07:59:59","date_gmt":"2025-06-10T07:59:59","guid":{"rendered":"https:\/\/leguminnov36.fr\/my-account-2\/"},"modified":"2025-07-21T09:28:14","modified_gmt":"2025-07-21T09:28:14","slug":"mon-compte","status":"publish","type":"page","link":"https:\/\/leguminnov36.fr\/fr\/mon-compte\/","title":{"rendered":"Mon compte"},"content":{"rendered":"<div class=\"rtcl\">\n<div id=\"rtcl-user-login-wrapper\"\n\t class=\"have-registration-form\">\n\n\t\n\t<div class=\"rtcl-login-form-wrap\">\n\t\t<h2>Connexion<\/h2>\n\t\t<div class=\"rtcl-tab rtcl-tab-login\">\n\t\t\t\t\t\t<div class=\"rtcl-tab-content\">\n\t\t\t\t<div id=\"rtcl-email-login\" class=\"rtcl-tab-pane active\">\n\t<form id=\"rtcl-login-form\" class=\"form-horizontal\" method=\"post\" action=\"\">\n\t\t\t\t<div class=\"rtcl-form-group\">\n\t\t\t<label for=\"rtcl-user-login\" class=\"rtcl-field-label\">\n\t\t\t\tNom d&#039;utilisateur ou e-mail\t\t\t\t<strong class=\"rtcl-required\">*<\/strong>\n\t\t\t<\/label>\n\t\t\t<input type=\"text\" name=\"username\" autocomplete=\"username\"\n\t\t\t\t   value=\"\"\n\t\t\t\t   id=\"rtcl-user-login\" class=\"rtcl-form-control\" required>\n\t\t<\/div>\n\n\t\t<div class=\"rtcl-form-group\">\n\t\t\t<label for=\"rtcl-user-pass\" class=\"rtcl-field-label\">\n\t\t\t\tMot de passe\t\t\t\t<strong class=\"rtcl-required\">*<\/strong>\n\t\t\t<\/label>\n\t\t\t<div class=\"rtcl-user-pass-wrap\">\n\t\t\t\t<input type=\"password\" name=\"password\" id=\"rtcl-user-pass\" autocomplete=\"current-password\"\n\t\t\t\t\t   class=\"rtcl-form-control\" required>\n\t\t\t\t<span class=\"rtcl-toggle-pass rtcl-icon-eye-off\"><\/span>\n\t\t\t<\/div>\n\t\t<\/div>\n\n\t\t\n\t\t<div class=\"rtcl-form-group\">\n\t\t\t<div id=\"rtcl-login-g-recaptcha\"><\/div>\n\t\t\t<div id=\"rtcl-login-g-recaptcha-message\"><\/div>\n\t\t<\/div>\n\n\t\t<div class=\"rtcl-form-group rtcl-login-form-submit-wrap\">\n\n\t\t\t<button type=\"submit\" name=\"rtcl-login\" class=\"rtcl-btn\" value=\"login\">\n\t\t\t\tConnexion\t\t\t<\/button>\n\t\t\t<div class=\"rtcl-checkbox-list\">\n\t\t\t\t<label class=\"rtcl-check\" for=\"rtcl-rememberme\">\n\t\t\t\t\t<input type=\"checkbox\" id=\"rtcl-rememberme\" name=\"rememberme\" value=\"forever\">\n\t\t\t\t\t<span class=\"rtcl-check-box\"><\/span>\n\t\t\t\t\t<span class=\"rtcl-check-label\">Souvenez-vous de moi<\/span>\n\t\t\t\t<\/label>\n\t\t\t<\/div>\n\t\t<\/div>\n\t\t<input type=\"hidden\" id=\"rtcl-login-nonce\" name=\"rtcl-login-nonce\" value=\"cf0e38665b\" \/><input type=\"hidden\" name=\"_wp_http_referer\" value=\"\/fr\/wp-json\/wp\/v2\/pages\/2988\" \/><input type=\"hidden\" name=\"redirect_to\" value=\"https:\/\/leguminnov36.fr\/fr\/wp-json\/wp\/v2\/pages\/2988\" \/>\t<input type=\"hidden\" name=\"trp-form-language\" value=\"fr\"\/><\/form>\n\t\t\t<div class=\"rtcl-form-group-no-margin-bottom\">\n\t\t\t<p class=\"rtcl-forgot-password\">\n\t\t\t\t\t\t\t\t\t<a class=\"register-link\" href=\"https:\/\/leguminnov36.fr\/fr\/mon-compte\/\">Registre<\/a><span>|<\/span>\n\t\t\t\t\t\t\t\t<a href=\"https:\/\/leguminnov36.fr\/fr\/mon-compte\/mdp-perdu\/\">Vous avez oubli\u00e9 votre mot de passe ?<\/a>\n\n\t\t\t<\/p>\n\t\t<\/div>\n\t\t<\/div>\t\t\t<\/div>\n\t\t<\/div>\n\t<\/div>\n\t\t\t<div class=\"rtcl-registration-form-wrap\">\n\n\t\t\t<h2>Registre<\/h2>\n\n\t\t\t<form id=\"rtcl-register-form\" class=\"form-horizontal\" method=\"post\" action=\"\">\n\n\t\t\t\t\t\t<div class=\"rtcl-form-group name-row\">\n\t\t\t<div class=\"first-name-column\">\n\t\t\t\t<label for=\"rtcl-reg-first-name\" class=\"rtcl-field-label\">\n\t\t\t\t\tPr\u00e9nom\t\t\t\t\t<strong class=\"rtcl-required\">*<\/strong>\n\t\t\t\t<\/label>\n\t\t\t\t<input type=\"text\" name=\"first_name\" id=\"rtcl-reg-first-name\"\n\t\t\t\t\t   value=\"\"\n\t\t\t\t\t   class=\"rtcl-form-control\" required>\n\t\t\t<\/div>\n\t\t\t<div class=\"second-name-column\">\n\t\t\t\t<label for=\"rtcl-reg-last-name\" class=\"rtcl-field-label\">\n\t\t\t\t\tNom de famille\t\t\t\t\t<strong class=\"rtcl-required\">*<\/strong>\n\t\t\t\t<\/label>\n\t\t\t\t<input type=\"text\" name=\"last_name\"\n\t\t\t\t\t   value=\"\"\n\t\t\t\t\t   id=\"rtcl-reg-last-name\" class=\"rtcl-form-control\" required>\n\t\t\t<\/div>\n\t\t<\/div>\n\t\t\t\t<div class=\"rtcl-form-group phone-row\">\n\t\t\t\t\t\t<label for=\"rtcl-reg-phone\" class=\"rtcl-field-label phone-label\">\n\t\t\t\tNum\u00e9ro de t\u00e9l\u00e9phone\t\t\t\t\t\t\t<\/label>\n\t\t\t<div class=\"rtcl-phone-field-button\">\n\t\t\t\t<input type=\"text\" name=\"phone\"\n\t\t\t\t\t   value=\"\"\n\t\t\t\t\t   id=\"rtcl-reg-phone\" class=\"rtcl-form-control\"\/>\n\t\t\t\t\t\t\t<\/div>\n\t\t\t\t\t<\/div>\n\t\t\n\t\t\t\t<div class=\"rtcl-form-group\">\n\t\t\t\t\t<label for=\"rtcl-reg-username\" class=\"rtcl-field-label\">\n\t\t\t\t\t\tNom d&#039;utilisateur\t\t\t\t\t\t<strong class=\"rtcl-required\">*<\/strong>\n\t\t\t\t\t<\/label>\n\t\t\t\t\t<input type=\"text\" name=\"username\"\n\t\t\t\t\t\t   value=\"\"\n\t\t\t\t\t\t   autocomplete=\"username\" id=\"rtcl-reg-username\" class=\"rtcl-form-control\" required>\n\t\t\t\t\t<span\n\t\t\t\t\t\tclass=\"help-block\">Le nom d&#039;utilisateur ne peut pas \u00eatre modifi\u00e9.<\/span>\n\t\t\t\t<\/div>\n\n\t\t\t\t<div class=\"rtcl-form-group\">\n\t\t\t\t\t<label for=\"rtcl-reg-email\" class=\"rtcl-field-label\">\n\t\t\t\t\t\tAdresse \u00e9lectronique\t\t\t\t\t\t<strong class=\"rtcl-required\">*<\/strong>\n\t\t\t\t\t<\/label>\n\t\t\t\t\t<input type=\"email\" name=\"email\"\n\t\t\t\t\t\t   value=\"\"\n\t\t\t\t\t\t   autocomplete=\"email\" id=\"rtcl-reg-email\" class=\"rtcl-form-control\" required>\n\t\t\t\t<\/div>\n\n\t\t\t\t<div class=\"rtcl-form-group\">\n\t\t\t\t\t<label for=\"rtcl-reg-password\" class=\"rtcl-field-label\">\n\t\t\t\t\t\tMot de passe\t\t\t\t\t\t<strong class=\"rtcl-required\">*<\/strong>\n\t\t\t\t\t<\/label>\n\t\t\t\t\t<div class=\"rtcl-user-pass-wrap\">\n\t\t\t\t\t\t<input type=\"password\" name=\"password\" id=\"rtcl-reg-password\" autocomplete=\"new-password\"\n\t\t\t\t\t\t\t   class=\"rtcl-form-control rtcl-password\" required>\n\t\t\t\t\t\t<span class=\"rtcl-toggle-pass rtcl-icon-eye-off\"><\/span>\n\t\t\t\t\t<\/div>\n\t\t\t\t<\/div>\n\n\t\t\t\t<div class=\"rtcl-form-group\">\n\t\t\t\t\t<label for=\"rtcl-reg-confirm-password\" class=\"rtcl-field-label\">\n\t\t\t\t\t\tConfirmer le mot de passe\t\t\t\t\t\t<strong class=\"rtcl-required\">*<\/strong>\n\t\t\t\t\t<\/label>\n\t\t\t\t\t<div class=\"confirm-password-wrap\">\n\t\t\t\t\t\t<div class=\"rtcl-user-pass-wrap\">\n\t\t\t\t\t\t\t<input type=\"password\" name=\"pass2\" id=\"rtcl-reg-confirm-password\" class=\"rtcl-form-control\"\n\t\t\t\t\t\t\t\t   autocomplete=\"off\"\n\t\t\t\t\t\t\t\t   data-rule-equalto=\"#rtcl-reg-password\"\n\t\t\t\t\t\t\t\t   data-msg-equalto=\"Le mot de passe ne correspond pas.\"\n\t\t\t\t\t\t\t\t   required>\n\t\t\t\t\t\t\t<span class=\"rtcl-toggle-pass rtcl-icon-eye-off\"><\/span>\n\t\t\t\t\t\t<\/div>\n\t\t\t\t\t\t<span class=\"rtcl-checkmark\"><\/span>\n\t\t\t\t\t<\/div>\n\t\t\t\t<\/div>\n\n\t\t\t\t\n\t\t\t\t<div class=\"rtcl-form-group rtcl-form-group-no-margin-bottom\">\n\t\t\t\t\t<div id=\"rtcl-registration-g-recaptcha\"><\/div>\n\t\t\t\t\t<div id=\"rtcl-registration-g-recaptcha-message\"><\/div>\n\t\t\t\t\t<input type=\"submit\" name=\"rtcl-register\" class=\"rtcl-btn\"\n\t\t\t\t\t\t   value=\"Registre\"\/>\n\t\t\t\t<\/div>\n\t\t\t\t<input type=\"hidden\" id=\"rtcl-register-nonce\" name=\"rtcl-register-nonce\" value=\"97f773d3d5\" \/><input type=\"hidden\" name=\"_wp_http_referer\" value=\"\/fr\/wp-json\/wp\/v2\/pages\/2988\" \/><input type=\"hidden\" name=\"redirect_to\" value=\"https:\/\/leguminnov36.fr\/fr\/wp-json\/wp\/v2\/pages\/2988\" \/>\t\t\t<input type=\"hidden\" name=\"trp-form-language\" value=\"fr\"\/><\/form>\n\t\t<\/div>\n\t<\/div>\n<\/div>\n\n\n<p class=\"wp-block-paragraph\"><\/p>","protected":false},"excerpt":{"rendered":"","protected":false},"author":1,"featured_media":0,"parent":0,"menu_order":0,"comment_status":"closed","ping_status":"closed","template":"rtcl-canvas_template","meta":{"_acf_changed":false,"_crdt_document":"","_uag_custom_page_level_css":"","site-sidebar-layout":"default","site-content-layout":"","ast-site-content-layout":"default","site-content-style":"default","site-sidebar-style":"default","ast-global-header-display":"","ast-banner-title-visibility":"","ast-main-header-display":"","ast-hfb-above-header-display":"","ast-hfb-below-header-display":"","ast-hfb-mobile-header-display":"","site-post-title":"","ast-breadcrumbs-content":"","ast-featured-img":"","footer-sml-layout":"","theme-transparent-header-meta":"","adv-header-id-meta":"","stick-header-meta":"","header-above-stick-meta":"","header-main-stick-meta":"","header-below-stick-meta":"","astra-migrate-meta-layouts":"set","ast-page-background-enabled":"default","ast-page-background-meta":{"desktop":{"background-color":"","background-image":"","background-repeat":"repeat","background-position":"center center","background-size":"auto","background-attachment":"scroll","background-type":"","background-media":"","overlay-type":"","overlay-color":"","overlay-opacity":"","overlay-gradient":""},"tablet":{"background-color":"","background-image":"","background-repeat":"repeat","background-position":"center center","background-size":"auto","background-attachment":"scroll","background-type":"","background-media":"","overlay-type":"","overlay-color":"","overlay-opacity":"","overlay-gradient":""},"mobile":{"background-color":"","background-image":"","background-repeat":"repeat","background-position":"center center","background-size":"auto","background-attachment":"scroll","background-type":"","background-media":"","overlay-type":"","overlay-color":"","overlay-opacity":"","overlay-gradient":""}},"ast-content-background-meta":{"desktop":{"background-color":"var(--ast-global-color-5)","background-image":"","background-repeat":"repeat","background-position":"center center","background-size":"auto","background-attachment":"scroll","background-type":"","background-media":"","overlay-type":"","overlay-color":"","overlay-opacity":"","overlay-gradient":""},"tablet":{"background-color":"var(--ast-global-color-5)","background-image":"","background-repeat":"repeat","background-position":"center center","background-size":"auto","background-attachment":"scroll","background-type":"","background-media":"","overlay-type":"","overlay-color":"","overlay-opacity":"","overlay-gradient":""},"mobile":{"background-color":"var(--ast-global-color-5)","background-image":"","background-repeat":"repeat","background-position":"center center","background-size":"auto","background-attachment":"scroll","background-type":"","background-media":"","overlay-type":"","overlay-color":"","overlay-opacity":"","overlay-gradient":""}},"_rtcl_gb_attr":"","footnotes":""},"class_list":["post-2988","page","type-page","status-publish","hentry"],"acf":[],"aioseo_notices":[],"uagb_featured_image_src":{"full":false,"thumbnail":false,"medium":false,"medium_large":false,"large":false,"1536x1536":false,"2048x2048":false,"trp-custom-language-flag":false,"rtcl-gallery":false,"rtcl-thumbnail":false,"rtcl-gallery-thumbnail":false,"menu-24x24":false,"menu-36x36":false,"menu-48x48":false},"uagb_author_info":{"display_name":"alexis@lebron.fr","author_link":"https:\/\/leguminnov36.fr\/fr\/author\/alexislebron-fr\/"},"uagb_comment_info":0,"uagb_excerpt":null,"_links":{"self":[{"href":"https:\/\/leguminnov36.fr\/fr\/wp-json\/wp\/v2\/pages\/2988","targetHints":{"allow":["GET"]}}],"collection":[{"href":"https:\/\/leguminnov36.fr\/fr\/wp-json\/wp\/v2\/pages"}],"about":[{"href":"https:\/\/leguminnov36.fr\/fr\/wp-json\/wp\/v2\/types\/page"}],"author":[{"embeddable":true,"href":"https:\/\/leguminnov36.fr\/fr\/wp-json\/wp\/v2\/users\/1"}],"replies":[{"embeddable":true,"href":"https:\/\/leguminnov36.fr\/fr\/wp-json\/wp\/v2\/comments?post=2988"}],"version-history":[{"count":3,"href":"https:\/\/leguminnov36.fr\/fr\/wp-json\/wp\/v2\/pages\/2988\/revisions"}],"predecessor-version":[{"id":3491,"href":"https:\/\/leguminnov36.fr\/fr\/wp-json\/wp\/v2\/pages\/2988\/revisions\/3491"}],"wp:attachment":[{"href":"https:\/\/leguminnov36.fr\/fr\/wp-json\/wp\/v2\/media?parent=2988"}],"curies":[{"name":"wp","href":"https:\/\/api.w.org\/{rel}","templated":true}]}}