		
				
		{"id":3233,"date":"2025-06-17T07:50:00","date_gmt":"2025-06-17T07:50:00","guid":{"rendered":"https:\/\/leguminnov36.fr\/?page_id=3233"},"modified":"2026-03-09T09:53:23","modified_gmt":"2026-03-09T09:53:23","slug":"leguminnov-2","status":"publish","type":"page","link":"https:\/\/leguminnov36.fr\/fr\/leguminnov-2\/","title":{"rendered":"Leguminnov"},"content":{"rendered":"<div class=\"wp-block-uagb-container uagb-block-35183932 alignfull uagb-is-root-container\"><div class=\"uagb-container-inner-blocks-wrap\">\n<div class=\"wp-block-uagb-info-box uagb-block-1beeb66e uagb-infobox__content-wrap  uagb-infobox-icon-above-title uagb-infobox-image-valign-top\"><div class=\"uagb-ifb-content\"><div class=\"uagb-ifb-title-wrap\"><\/div><\/div><\/div>\n<\/div><\/div>\n\n\n\n<div style=\"height:100px\" aria-hidden=\"true\" class=\"wp-block-spacer\"><\/div>\n\n\n\n\n\n<figure class=\"wp-block-image size-large\"><img loading=\"lazy\" decoding=\"async\" width=\"1024\" height=\"576\" src=\"https:\/\/leguminnov36.fr\/wp-content\/uploads\/2025\/07\/Connectez-vous-CIVAM-Valencay-1024x576.png\" alt=\"\" class=\"wp-image-3497\" srcset=\"https:\/\/leguminnov36.fr\/wp-content\/uploads\/2025\/07\/Connectez-vous-CIVAM-Valencay-1024x576.png 1024w, https:\/\/leguminnov36.fr\/wp-content\/uploads\/2025\/07\/Connectez-vous-CIVAM-Valencay-300x169.png 300w, https:\/\/leguminnov36.fr\/wp-content\/uploads\/2025\/07\/Connectez-vous-CIVAM-Valencay-768x432.png 768w, https:\/\/leguminnov36.fr\/wp-content\/uploads\/2025\/07\/Connectez-vous-CIVAM-Valencay-1536x864.png 1536w, https:\/\/leguminnov36.fr\/wp-content\/uploads\/2025\/07\/Connectez-vous-CIVAM-Valencay-24x14.png 24w, https:\/\/leguminnov36.fr\/wp-content\/uploads\/2025\/07\/Connectez-vous-CIVAM-Valencay-36x20.png 36w, https:\/\/leguminnov36.fr\/wp-content\/uploads\/2025\/07\/Connectez-vous-CIVAM-Valencay-48x27.png 48w, https:\/\/leguminnov36.fr\/wp-content\/uploads\/2025\/07\/Connectez-vous-CIVAM-Valencay.png 1920w\" sizes=\"auto, (max-width: 1024px) 100vw, 1024px\" \/><\/figure>\n\n\n\n\n\n\n\n<div style=\"height:45px\" aria-hidden=\"true\" class=\"wp-block-spacer\"><\/div>\n\n\n\n\n\n\n\n<div class=\"wp-block-buttons is-content-justification-center is-layout-flex wp-container-core-buttons-is-layout-3e41869c wp-block-buttons-is-layout-flex\">\n<div class=\"wp-block-button is-style-fill\"><a class=\"wp-block-button__link wp-element-button\" href=\"https:\/\/leguminnov36.fr\/fr\/login\/\">se Connecter<\/a><\/div>\n<\/div>\n\n\n\n<hr class=\"wp-block-separator has-text-color has-ast-global-color-0-color has-alpha-channel-opacity has-ast-global-color-0-background-color has-background is-style-default\"\/>\n\n\n\n<div class=\"wp-block-group is-nowrap is-layout-flex wp-container-core-group-is-layout-7387b849 wp-block-group-is-layout-flex\">\n<div class=\"wp-block-uagb-info-box uagb-block-ae30ade0 uagb-infobox__content-wrap  uagb-infobox-icon-above-title uagb-infobox-image-valign-top\"><div class=\"uagb-ifb-content\"><div class=\"uagb-ifb-title-wrap\"><h3 class=\"uagb-ifb-title\">Historique<\/h3><\/div><p class=\"uagb-ifb-desc\"><br>N\u00e9 de la volont\u00e9 des agriculteurs du Boischaut Nord, le projet VALSAUP incarne l\u2019ambition d\u2019un territoire : retrouver le sens du local, valoriser<br>ses productions et pr\u00e9server ses ressources. Dans cette mosa\u00efque agricole, faite de grandes cultures, d\u2019\u00e9levages et de fromages AOP<br>embl\u00e9matiques, la place des l\u00e9gumineuses reste encore discr\u00e8te. Pourtant, elles portent en elles une promesse : celle de renforcer l\u2019autonomie<br>des fermes en prot\u00e9ines v\u00e9g\u00e9tales, de r\u00e9duire la d\u00e9pendance aux intrants chimiques et d\u2019inscrire l\u2019agriculture dans une transition \u00e0 la fois sobre<br>et durable.<br><br>Leguminnov 36 est donc l\u2019outil concret d\u00e9velopp\u00e9 dans le cadre du projet VALSAUP pour faciliter les \u00e9changes locaux d\u2019aliments riches en<br>prot\u00e9ines v\u00e9g\u00e9tales entre agriculteurs. Plus qu\u2019une plateforme, c\u2019est un levier pour tisser des liens entre c\u00e9r\u00e9aliers, \u00e9leveurs et transformateurs,<br>encourager la production de prot\u00e9agineux et donner \u00e0 l\u2019agriculture locale les moyens de gagner en autonomie, en sobri\u00e9t\u00e9 et en r\u00e9silience.<\/p><\/div><\/div>\n<\/div>\n\n\n\n<div style=\"height:100px\" aria-hidden=\"true\" class=\"wp-block-spacer\"><\/div>\n\n\n\n<p class=\"wp-block-paragraph\"><\/p>","protected":false},"excerpt":{"rendered":"","protected":false},"author":1,"featured_media":0,"parent":0,"menu_order":0,"comment_status":"closed","ping_status":"closed","template":"","meta":{"_acf_changed":false,"_crdt_document":"","_uag_custom_page_level_css":"","site-sidebar-layout":"no-sidebar","site-content-layout":"plain-container","ast-site-content-layout":"normal-width-container","site-content-style":"unboxed","site-sidebar-style":"unboxed","ast-global-header-display":"","ast-banner-title-visibility":"","ast-main-header-display":"","ast-hfb-above-header-display":"","ast-hfb-below-header-display":"","ast-hfb-mobile-header-display":"","site-post-title":"disabled","ast-breadcrumbs-content":"","ast-featured-img":"disabled","footer-sml-layout":"","theme-transparent-header-meta":"enabled","adv-header-id-meta":"","stick-header-meta":"","header-above-stick-meta":"","header-main-stick-meta":"","header-below-stick-meta":"","astra-migrate-meta-layouts":"set","ast-page-background-enabled":"default","ast-page-background-meta":{"desktop":{"background-color":"","background-image":"","background-repeat":"repeat","background-position":"center center","background-size":"auto","background-attachment":"scroll","background-type":"","background-media":"","overlay-type":"","overlay-color":"","overlay-opacity":"","overlay-gradient":""},"tablet":{"background-color":"","background-image":"","background-repeat":"repeat","background-position":"center center","background-size":"auto","background-attachment":"scroll","background-type":"","background-media":"","overlay-type":"","overlay-color":"","overlay-opacity":"","overlay-gradient":""},"mobile":{"background-color":"","background-image":"","background-repeat":"repeat","background-position":"center center","background-size":"auto","background-attachment":"scroll","background-type":"","background-media":"","overlay-type":"","overlay-color":"","overlay-opacity":"","overlay-gradient":""}},"ast-content-background-meta":{"desktop":{"background-color":"var(--ast-global-color-5)","background-image":"","background-repeat":"repeat","background-position":"center center","background-size":"auto","background-attachment":"scroll","background-type":"","background-media":"","overlay-type":"","overlay-color":"","overlay-opacity":"","overlay-gradient":""},"tablet":{"background-color":"var(--ast-global-color-5)","background-image":"","background-repeat":"repeat","background-position":"center center","background-size":"auto","background-attachment":"scroll","background-type":"","background-media":"","overlay-type":"","overlay-color":"","overlay-opacity":"","overlay-gradient":""},"mobile":{"background-color":"var(--ast-global-color-5)","background-image":"","background-repeat":"repeat","background-position":"center center","background-size":"auto","background-attachment":"scroll","background-type":"","background-media":"","overlay-type":"","overlay-color":"","overlay-opacity":"","overlay-gradient":""}},"_rtcl_gb_attr":"","footnotes":""},"class_list":["post-3233","page","type-page","status-publish","hentry"],"acf":[],"aioseo_notices":[],"uagb_featured_image_src":{"full":false,"thumbnail":false,"medium":false,"medium_large":false,"large":false,"1536x1536":false,"2048x2048":false,"trp-custom-language-flag":false,"rtcl-gallery":false,"rtcl-thumbnail":false,"rtcl-gallery-thumbnail":false,"menu-24x24":false,"menu-36x36":false,"menu-48x48":false},"uagb_author_info":{"display_name":"alexis@lebron.fr","author_link":"https:\/\/leguminnov36.fr\/fr\/author\/alexislebron-fr\/"},"uagb_comment_info":0,"uagb_excerpt":null,"_links":{"self":[{"href":"https:\/\/leguminnov36.fr\/fr\/wp-json\/wp\/v2\/pages\/3233","targetHints":{"allow":["GET"]}}],"collection":[{"href":"https:\/\/leguminnov36.fr\/fr\/wp-json\/wp\/v2\/pages"}],"about":[{"href":"https:\/\/leguminnov36.fr\/fr\/wp-json\/wp\/v2\/types\/page"}],"author":[{"embeddable":true,"href":"https:\/\/leguminnov36.fr\/fr\/wp-json\/wp\/v2\/users\/1"}],"replies":[{"embeddable":true,"href":"https:\/\/leguminnov36.fr\/fr\/wp-json\/wp\/v2\/comments?post=3233"}],"version-history":[{"count":21,"href":"https:\/\/leguminnov36.fr\/fr\/wp-json\/wp\/v2\/pages\/3233\/revisions"}],"predecessor-version":[{"id":3704,"href":"https:\/\/leguminnov36.fr\/fr\/wp-json\/wp\/v2\/pages\/3233\/revisions\/3704"}],"wp:attachment":[{"href":"https:\/\/leguminnov36.fr\/fr\/wp-json\/wp\/v2\/media?parent=3233"}],"curies":[{"name":"wp","href":"https:\/\/api.w.org\/{rel}","templated":true}]}}