{"id":3471,"date":"2025-07-16T08:35:04","date_gmt":"2025-07-16T08:35:04","guid":{"rendered":"https:\/\/leguminnov36.fr\/?page_id=3471"},"modified":"2025-09-18T09:25:43","modified_gmt":"2025-09-18T09:25:43","slug":"mentions-legales","status":"publish","type":"page","link":"https:\/\/leguminnov36.fr\/fr\/mentions-legales\/","title":{"rendered":"Mentions L\u00e9gales"},"content":{"rendered":"<div class=\"wp-block-uagb-container uagb-block-3e6876e5 alignfull uagb-is-root-container\"><div class=\"uagb-container-inner-blocks-wrap\">\n<h2 class=\"wp-block-heading\">Mentions L\u00e9gales<\/h2>\n\n\n\n<h3 class=\"wp-block-heading\">\u00c9diteur du site<\/h3>\n\n\n\n<p class=\"wp-block-paragraph\">Le pr\u00e9sent site est \u00e9dit\u00e9 par :<br><br><strong>CIVAM de Valen\u00e7ay<\/strong><br>Adresse : 7 rue des Templiers<br> 36600 VALEN\u00c7AY<br><br>T\u00e9l\u00e9phone : 02 54 00 13 99<br><br>Email : civam.valencay@civam.org<br><br>Directeur de la publication : Exode TOTIN<\/p>\n\n\n\n<h3 class=\"wp-block-heading\">H\u00e9bergeur du site<\/h3>\n\n\n\n<p class=\"wp-block-paragraph\">Le site est h\u00e9berg\u00e9 par :<br>Hostinger<br><br>Adresse : HOSTINGER INTERNATIONAL LTD, 61 Lordou Vironos Street, 6023 Larnaca, Chypre<br><br>Site internet : https:\/\/www.hostinger.com<br><br>R\u00e9alisation &amp; Conception : Alexis LEBRON<\/p>\n\n\n\n<h3 class=\"wp-block-heading\">Objet du site<\/h3>\n\n\n\n<p class=\"wp-block-paragraph\">Le site a pour objectif de mettre en relation des agriculteurs locaux dans la r\u00e9gion de Valen\u00e7ay, afin de leur permettre de publier et consulter des annonces relatives \u00e0 la vente ou l\u2019\u00e9change de marchandises agricoles (luzerne, sainfoin, etc.).<\/p>\n\n\n\n<h3 class=\"wp-block-heading\">Acc\u00e8s au site<\/h3>\n\n\n\n<p class=\"wp-block-paragraph\">L\u2019acc\u00e8s au site est ouvert \u00e0 tout utilisateur. Toutefois, certaines fonctionnalit\u00e9s (cr\u00e9ation d\u2019annonces) sont r\u00e9serv\u00e9es aux utilisateurs disposant d\u2019un compte personnel, apr\u00e8s inscription gratuite.<\/p>\n\n\n\n<h3 class=\"wp-block-heading\">Donn\u00e9es personnelles<\/h3>\n\n\n\n<p class=\"wp-block-paragraph\">Les informations personnelles collect\u00e9es via le site (cr\u00e9ation de compte, publication d&#8217;annonces, formulaire de contact) sont destin\u00e9es exclusivement au fonctionnement du service.<br>Conform\u00e9ment \u00e0 la loi \u00ab Informatique et Libert\u00e9s \u00bb et au R\u00e8glement G\u00e9n\u00e9ral sur la Protection des Donn\u00e9es (RGPD), vous disposez d\u2019un droit d\u2019acc\u00e8s, de rectification, d\u2019opposition, de limitation, de portabilit\u00e9 et de suppression de vos donn\u00e9es.<br><br>Pour exercer ces droits, vous pouvez adresser votre demande \u00e0 : civam.valencay@civam.org<\/p>\n\n\n\n<p class=\"wp-block-paragraph\">Les donn\u00e9es ne sont en aucun cas c\u00e9d\u00e9es ou vendues \u00e0 des tiers.<\/p>\n\n\n\n<h3 class=\"wp-block-heading\">Cookies<\/h3>\n\n\n\n<p class=\"wp-block-paragraph\">Le site peut utiliser des cookies pour am\u00e9liorer l\u2019exp\u00e9rience utilisateur et mesurer la fr\u00e9quentation.<br>En naviguant sur ce site, vous acceptez l\u2019utilisation de cookies conform\u00e9ment \u00e0 notre politique de confidentialit\u00e9.<\/p>\n\n\n\n<h3 class=\"wp-block-heading\">Propri\u00e9t\u00e9 intellectuelle<\/h3>\n\n\n\n<p class=\"wp-block-paragraph\">L\u2019ensemble du contenu du site (textes, images, logos, design, etc.) est prot\u00e9g\u00e9 par les lois fran\u00e7aises et internationales relatives \u00e0 la propri\u00e9t\u00e9 intellectuelle. Toute reproduction ou repr\u00e9sentation, totale ou partielle, sans autorisation \u00e9crite pr\u00e9alable est interdite.<\/p>\n\n\n\n<h3 class=\"wp-block-heading\">Responsabilit\u00e9<\/h3>\n\n\n\n<p class=\"wp-block-paragraph\">CIVAM de Valen\u00e7ay ne saurait \u00eatre tenu responsable des contenus publi\u00e9s par les utilisateurs (annonces), ni de l\u2019exactitude des informations fournies. Chaque utilisateur est responsable du contenu qu\u2019il publie.<br>Le site se r\u00e9serve le droit de mod\u00e9rer ou supprimer tout contenu jug\u00e9 inappropri\u00e9 ou contraire \u00e0 la l\u00e9gislation en vigueur.<\/p>\n<\/div><\/div>","protected":false},"excerpt":{"rendered":"<p>Mentions L\u00e9gales \u00c9diteur du site Le pr\u00e9sent site est \u00e9dit\u00e9 par : CIVAM de Valen\u00e7ayAdresse : 7 rue des Templiers 36600 VALEN\u00c7AY T\u00e9l\u00e9phone : 02 54 00 13 99 Email : civam.valencay@civam.org Directeur de la publication : Exode TOTIN H\u00e9bergeur du site Le site est h\u00e9berg\u00e9 par :Hostinger Adresse : HOSTINGER INTERNATIONAL LTD, 61 Lordou<\/p>","protected":false},"author":1,"featured_media":0,"parent":0,"menu_order":0,"comment_status":"closed","ping_status":"closed","template":"","meta":{"_acf_changed":false,"_crdt_document":"","_uag_custom_page_level_css":"","site-sidebar-layout":"default","site-content-layout":"","ast-site-content-layout":"default","site-content-style":"default","site-sidebar-style":"default","ast-global-header-display":"","ast-banner-title-visibility":"","ast-main-header-display":"","ast-hfb-above-header-display":"","ast-hfb-below-header-display":"","ast-hfb-mobile-header-display":"","site-post-title":"disabled","ast-breadcrumbs-content":"","ast-featured-img":"","footer-sml-layout":"","theme-transparent-header-meta":"","adv-header-id-meta":"","stick-header-meta":"","header-above-stick-meta":"","header-main-stick-meta":"","header-below-stick-meta":"","astra-migrate-meta-layouts":"set","ast-page-background-enabled":"default","ast-page-background-meta":{"desktop":{"background-color":"","background-image":"","background-repeat":"repeat","background-position":"center center","background-size":"auto","background-attachment":"scroll","background-type":"","background-media":"","overlay-type":"","overlay-color":"","overlay-opacity":"","overlay-gradient":""},"tablet":{"background-color":"","background-image":"","background-repeat":"repeat","background-position":"center center","background-size":"auto","background-attachment":"scroll","background-type":"","background-media":"","overlay-type":"","overlay-color":"","overlay-opacity":"","overlay-gradient":""},"mobile":{"background-color":"","background-image":"","background-repeat":"repeat","background-position":"center center","background-size":"auto","background-attachment":"scroll","background-type":"","background-media":"","overlay-type":"","overlay-color":"","overlay-opacity":"","overlay-gradient":""}},"ast-content-background-meta":{"desktop":{"background-color":"var(--ast-global-color-5)","background-image":"","background-repeat":"repeat","background-position":"center center","background-size":"auto","background-attachment":"scroll","background-type":"","background-media":"","overlay-type":"","overlay-color":"","overlay-opacity":"","overlay-gradient":""},"tablet":{"background-color":"var(--ast-global-color-5)","background-image":"","background-repeat":"repeat","background-position":"center center","background-size":"auto","background-attachment":"scroll","background-type":"","background-media":"","overlay-type":"","overlay-color":"","overlay-opacity":"","overlay-gradient":""},"mobile":{"background-color":"var(--ast-global-color-5)","background-image":"","background-repeat":"repeat","background-position":"center center","background-size":"auto","background-attachment":"scroll","background-type":"","background-media":"","overlay-type":"","overlay-color":"","overlay-opacity":"","overlay-gradient":""}},"_rtcl_gb_attr":"","footnotes":""},"class_list":["post-3471","page","type-page","status-publish","hentry"],"acf":[],"aioseo_notices":[],"uagb_featured_image_src":{"full":false,"thumbnail":false,"medium":false,"medium_large":false,"large":false,"1536x1536":false,"2048x2048":false,"trp-custom-language-flag":false,"rtcl-gallery":false,"rtcl-thumbnail":false,"rtcl-gallery-thumbnail":false,"menu-24x24":false,"menu-36x36":false,"menu-48x48":false},"uagb_author_info":{"display_name":"alexis@lebron.fr","author_link":"https:\/\/leguminnov36.fr\/fr\/author\/alexislebron-fr\/"},"uagb_comment_info":0,"uagb_excerpt":"Mentions L\u00e9gales \u00c9diteur du site Le pr\u00e9sent site est \u00e9dit\u00e9 par : CIVAM de Valen\u00e7ayAdresse : 7 rue des Templiers 36600 VALEN\u00c7AY T\u00e9l\u00e9phone : 02 54 00 13 99 Email : civam.valencay@civam.org Directeur de la publication : Exode TOTIN H\u00e9bergeur du site Le site est h\u00e9berg\u00e9 par :Hostinger Adresse : HOSTINGER INTERNATIONAL LTD, 61 Lordou","_links":{"self":[{"href":"https:\/\/leguminnov36.fr\/fr\/wp-json\/wp\/v2\/pages\/3471","targetHints":{"allow":["GET"]}}],"collection":[{"href":"https:\/\/leguminnov36.fr\/fr\/wp-json\/wp\/v2\/pages"}],"about":[{"href":"https:\/\/leguminnov36.fr\/fr\/wp-json\/wp\/v2\/types\/page"}],"author":[{"embeddable":true,"href":"https:\/\/leguminnov36.fr\/fr\/wp-json\/wp\/v2\/users\/1"}],"replies":[{"embeddable":true,"href":"https:\/\/leguminnov36.fr\/fr\/wp-json\/wp\/v2\/comments?post=3471"}],"version-history":[{"count":3,"href":"https:\/\/leguminnov36.fr\/fr\/wp-json\/wp\/v2\/pages\/3471\/revisions"}],"predecessor-version":[{"id":3549,"href":"https:\/\/leguminnov36.fr\/fr\/wp-json\/wp\/v2\/pages\/3471\/revisions\/3549"}],"wp:attachment":[{"href":"https:\/\/leguminnov36.fr\/fr\/wp-json\/wp\/v2\/media?parent=3471"}],"curies":[{"name":"wp","href":"https:\/\/api.w.org\/{rel}","templated":true}]}}