{"id":3652,"date":"2026-02-03T08:04:41","date_gmt":"2026-02-03T08:04:41","guid":{"rendered":"https:\/\/leguminnov36.fr\/?page_id=3652"},"modified":"2026-02-03T08:21:02","modified_gmt":"2026-02-03T08:21:02","slug":"actualites","status":"publish","type":"page","link":"https:\/\/leguminnov36.fr\/fr\/actualites\/","title":{"rendered":"Actualit\u00e9s"},"content":{"rendered":"<div class=\"wp-block-uagb-container uagb-block-0c4b401a alignfull uagb-is-root-container\"><div class=\"uagb-container-inner-blocks-wrap\"><\/div><\/div>\n\n\n\n<div style=\"height:100px\" aria-hidden=\"true\" class=\"wp-block-spacer\"><\/div>\n\n\n\n<div class=\"wp-block-uagb-advanced-heading uagb-block-c7bb90d2\"><h2 class=\"uagb-heading-text\">Notre actualit\u00e9<\/h2><\/div>\n\n\n\n<div style=\"height:100px\" aria-hidden=\"true\" class=\"wp-block-spacer\"><\/div>\n\n\n\n\t\t\t<div class=\"wp-block-uagb-post-grid uagb-post-grid  uagb-post__image-position-top uagb-post__image-enabled uagb-block-b09674d6     uagb-post__items uagb-post__columns-3 is-grid uagb-post__columns-tablet-2 uagb-post__columns-mobile-1 uagb-post__equal-height\" data-total=\"1\" style=\"\">\n\n\t\t\t\t\t\t\t\t\t\t\t\t<article class=\"uagb-post__inner-wrap\">\t\t\t\t\t\t\t\t<div class='uagb-post__image'>\n\t\t\t\t\t\t\t\t\t<a href=\"https:\/\/leguminnov36.fr\/fr\/gerer-le-salissement-de-la-luzerne\/\" target=\"_self\" rel=\"bookmark noopener noreferrer\" class='uagb-image-ratio-inherit'><img loading=\"lazy\" decoding=\"async\" width=\"1024\" height=\"768\" src=\"https:\/\/leguminnov36.fr\/wp-content\/uploads\/2025\/06\/Salissement-de-la-Luzerne-CIVAM-Valencay-Leguminnov-1024x768.jpg\" class=\"attachment-large size-large\" alt=\"\" srcset=\"https:\/\/leguminnov36.fr\/wp-content\/uploads\/2025\/06\/Salissement-de-la-Luzerne-CIVAM-Valencay-Leguminnov-1024x768.jpg 1024w, https:\/\/leguminnov36.fr\/wp-content\/uploads\/2025\/06\/Salissement-de-la-Luzerne-CIVAM-Valencay-Leguminnov-300x225.jpg 300w, https:\/\/leguminnov36.fr\/wp-content\/uploads\/2025\/06\/Salissement-de-la-Luzerne-CIVAM-Valencay-Leguminnov-768x576.jpg 768w, https:\/\/leguminnov36.fr\/wp-content\/uploads\/2025\/06\/Salissement-de-la-Luzerne-CIVAM-Valencay-Leguminnov-1536x1152.jpg 1536w, https:\/\/leguminnov36.fr\/wp-content\/uploads\/2025\/06\/Salissement-de-la-Luzerne-CIVAM-Valencay-Leguminnov-320x240.jpg 320w, https:\/\/leguminnov36.fr\/wp-content\/uploads\/2025\/06\/Salissement-de-la-Luzerne-CIVAM-Valencay-Leguminnov-24x18.jpg 24w, https:\/\/leguminnov36.fr\/wp-content\/uploads\/2025\/06\/Salissement-de-la-Luzerne-CIVAM-Valencay-Leguminnov-36x27.jpg 36w, https:\/\/leguminnov36.fr\/wp-content\/uploads\/2025\/06\/Salissement-de-la-Luzerne-CIVAM-Valencay-Leguminnov-48x36.jpg 48w, https:\/\/leguminnov36.fr\/wp-content\/uploads\/2025\/06\/Salissement-de-la-Luzerne-CIVAM-Valencay-Leguminnov.jpg 2000w\" sizes=\"auto, (max-width: 1024px) 100vw, 1024px\" title=\"\" \/>\t\t\t\t\t<\/a>\n\t\t\t\t\t\t\t<\/div>\n\t\t\t\t\t\t<h4 class=\"uagb-post__title uagb-post__text\">\n\t\t\t\t<a href=\"https:\/\/leguminnov36.fr\/fr\/gerer-le-salissement-de-la-luzerne\/\" target=\"_self\" rel=\"bookmark noopener noreferrer\">G\u00e9rer le salissement de la luzerne : six strat\u00e9gies \u00e9prouv\u00e9es<\/a>\n\t\t\t<\/h4>\n\t\t\t\t\t\t<div class='uagb-post__text uagb-post-grid-byline'>\n\t\t\t\t\t\t\t\t<time datetime=\"2025-06-25T12:31:19+00:00\" class=\"uagb-post__date\">\n\t\t\t\t<span class=\"dashicons-calendar dashicons\"><\/span>\t\t\t\t\t25 juin 2025\t\t\t\t<\/time>\n\t\t\t\t\t\t\t<span class=\"uagb-post__comment\">\n\t\t\t\t<span class=\"dashicons-admin-comments dashicons\"><\/span>\t\t\t\t\tPas de commentaire\t\t\t\t<\/span>\n\t\t\t\t\t\t<\/div>\n\t\t\t\t\t\t\t<div class='uagb-post__text uagb-post__excerpt'>\n\t\t\t\t\t<p>G\u00e9rer le salissement de la luzerneSix strat\u00e9gies \u00e9prouv\u00e9es G\u00e9rer le salissement de la luzerne :&#8230;\t\t\t\t<\/div>\n\t\t\t\t\t\t<div class=\"uagb-post__text uagb-post__cta wp-block-button\">\n\t\t\t\t<a class=\"wp-block-button__link uagb-text-link\" style=\"\" href=\"https:\/\/leguminnov36.fr\/fr\/gerer-le-salissement-de-la-luzerne\/\" target=\"_self\" rel=\"bookmark noopener noreferrer\">Read More<\/a>\n\t\t\t<\/div>\n\t\t\t\n\t\t\t\t\t\t\t\t\t<\/article>\n\t\t\t\t\t\t\t\t\t\t\t\t\t\t\t\t<article class=\"uagb-post__inner-wrap\">\t\t\t\t\t\t\t\t<div class='uagb-post__image'>\n\t\t\t\t\t\t\t\t\t<a href=\"https:\/\/leguminnov36.fr\/fr\/trefle-blanc\/\" target=\"_self\" rel=\"bookmark noopener noreferrer\" class='uagb-image-ratio-inherit'><img loading=\"lazy\" decoding=\"async\" width=\"1024\" height=\"769\" src=\"https:\/\/leguminnov36.fr\/wp-content\/uploads\/2025\/06\/Trefle-blanc-Articles-CIVAM-Leguminnov-1024x769.jpg\" class=\"attachment-large size-large\" alt=\"\" srcset=\"https:\/\/leguminnov36.fr\/wp-content\/uploads\/2025\/06\/Trefle-blanc-Articles-CIVAM-Leguminnov-1024x769.jpg 1024w, https:\/\/leguminnov36.fr\/wp-content\/uploads\/2025\/06\/Trefle-blanc-Articles-CIVAM-Leguminnov-300x225.jpg 300w, https:\/\/leguminnov36.fr\/wp-content\/uploads\/2025\/06\/Trefle-blanc-Articles-CIVAM-Leguminnov-768x577.jpg 768w, https:\/\/leguminnov36.fr\/wp-content\/uploads\/2025\/06\/Trefle-blanc-Articles-CIVAM-Leguminnov-1536x1154.jpg 1536w, https:\/\/leguminnov36.fr\/wp-content\/uploads\/2025\/06\/Trefle-blanc-Articles-CIVAM-Leguminnov-320x240.jpg 320w, https:\/\/leguminnov36.fr\/wp-content\/uploads\/2025\/06\/Trefle-blanc-Articles-CIVAM-Leguminnov-24x18.jpg 24w, https:\/\/leguminnov36.fr\/wp-content\/uploads\/2025\/06\/Trefle-blanc-Articles-CIVAM-Leguminnov-36x27.jpg 36w, https:\/\/leguminnov36.fr\/wp-content\/uploads\/2025\/06\/Trefle-blanc-Articles-CIVAM-Leguminnov-48x36.jpg 48w, https:\/\/leguminnov36.fr\/wp-content\/uploads\/2025\/06\/Trefle-blanc-Articles-CIVAM-Leguminnov.jpg 2000w\" sizes=\"auto, (max-width: 1024px) 100vw, 1024px\" title=\"\" \/>\t\t\t\t\t<\/a>\n\t\t\t\t\t\t\t<\/div>\n\t\t\t\t\t\t<h4 class=\"uagb-post__title uagb-post__text\">\n\t\t\t\t<a href=\"https:\/\/leguminnov36.fr\/fr\/trefle-blanc\/\" target=\"_self\" rel=\"bookmark noopener noreferrer\">Tr\u00e8fle blanc : un pilier des prairies durables<\/a>\n\t\t\t<\/h4>\n\t\t\t\t\t\t<div class='uagb-post__text uagb-post-grid-byline'>\n\t\t\t\t\t\t\t\t<time datetime=\"2025-06-25T13:04:34+00:00\" class=\"uagb-post__date\">\n\t\t\t\t<span class=\"dashicons-calendar dashicons\"><\/span>\t\t\t\t\t25 juin 2025\t\t\t\t<\/time>\n\t\t\t\t\t\t\t<span class=\"uagb-post__comment\">\n\t\t\t\t<span class=\"dashicons-admin-comments dashicons\"><\/span>\t\t\t\t\tPas de commentaire\t\t\t\t<\/span>\n\t\t\t\t\t\t<\/div>\n\t\t\t\t\t\t\t<div class='uagb-post__text uagb-post__excerpt'>\n\t\t\t\t\t<p>Le tr\u00e8fle blancUn pilier des prairies durables. Le tr\u00e8fle blanc : un pilier des prairies&#8230;\t\t\t\t<\/div>\n\t\t\t\t\t\t<div class=\"uagb-post__text uagb-post__cta wp-block-button\">\n\t\t\t\t<a class=\"wp-block-button__link uagb-text-link\" style=\"\" href=\"https:\/\/leguminnov36.fr\/fr\/trefle-blanc\/\" target=\"_self\" rel=\"bookmark noopener noreferrer\">Read More<\/a>\n\t\t\t<\/div>\n\t\t\t\n\t\t\t\t\t\t\t\t\t<\/article>\n\t\t\t\t\t\t\t\t\t\t\t\t\t\t\t\t<article class=\"uagb-post__inner-wrap\">\t\t\t\t\t\t\t\t<div class='uagb-post__image'>\n\t\t\t\t\t\t\t\t\t<a href=\"https:\/\/leguminnov36.fr\/fr\/trefle-violet\/\" target=\"_self\" rel=\"bookmark noopener noreferrer\" class='uagb-image-ratio-inherit'><img loading=\"lazy\" decoding=\"async\" width=\"1024\" height=\"678\" src=\"https:\/\/leguminnov36.fr\/wp-content\/uploads\/2025\/10\/Trefle-violet-Articles-CIVAM-Leguminnov-1024x678.jpg\" class=\"attachment-large size-large\" alt=\"\" srcset=\"https:\/\/leguminnov36.fr\/wp-content\/uploads\/2025\/10\/Trefle-violet-Articles-CIVAM-Leguminnov-1024x678.jpg 1024w, https:\/\/leguminnov36.fr\/wp-content\/uploads\/2025\/10\/Trefle-violet-Articles-CIVAM-Leguminnov-300x199.jpg 300w, https:\/\/leguminnov36.fr\/wp-content\/uploads\/2025\/10\/Trefle-violet-Articles-CIVAM-Leguminnov-768x509.jpg 768w, https:\/\/leguminnov36.fr\/wp-content\/uploads\/2025\/10\/Trefle-violet-Articles-CIVAM-Leguminnov-1536x1018.jpg 1536w, https:\/\/leguminnov36.fr\/wp-content\/uploads\/2025\/10\/Trefle-violet-Articles-CIVAM-Leguminnov-24x16.jpg 24w, https:\/\/leguminnov36.fr\/wp-content\/uploads\/2025\/10\/Trefle-violet-Articles-CIVAM-Leguminnov-36x24.jpg 36w, https:\/\/leguminnov36.fr\/wp-content\/uploads\/2025\/10\/Trefle-violet-Articles-CIVAM-Leguminnov-48x32.jpg 48w, https:\/\/leguminnov36.fr\/wp-content\/uploads\/2025\/10\/Trefle-violet-Articles-CIVAM-Leguminnov.jpg 2000w\" sizes=\"auto, (max-width: 1024px) 100vw, 1024px\" title=\"\" \/>\t\t\t\t\t<\/a>\n\t\t\t\t\t\t\t<\/div>\n\t\t\t\t\t\t<h4 class=\"uagb-post__title uagb-post__text\">\n\t\t\t\t<a href=\"https:\/\/leguminnov36.fr\/fr\/trefle-violet\/\" target=\"_self\" rel=\"bookmark noopener noreferrer\">Tr\u00e8fle violet : un alli\u00e9 dynamique pour vos prairies fourrag\u00e8res<\/a>\n\t\t\t<\/h4>\n\t\t\t\t\t\t<div class='uagb-post__text uagb-post-grid-byline'>\n\t\t\t\t\t\t\t\t<time datetime=\"2025-10-05T10:00:56+00:00\" class=\"uagb-post__date\">\n\t\t\t\t<span class=\"dashicons-calendar dashicons\"><\/span>\t\t\t\t\t5 octobre 2025\t\t\t\t<\/time>\n\t\t\t\t\t\t\t<span class=\"uagb-post__comment\">\n\t\t\t\t<span class=\"dashicons-admin-comments dashicons\"><\/span>\t\t\t\t\tPas de commentaire\t\t\t\t<\/span>\n\t\t\t\t\t\t<\/div>\n\t\t\t\t\t\t\t<div class='uagb-post__text uagb-post__excerpt'>\n\t\t\t\t\t<p>Cultiver le tr\u00e8fle violetR\u00e9ussir de la semence \u00e0 la r\u00e9colte Tr\u00e8fle violet : un alli\u00e9&#8230;\t\t\t\t<\/div>\n\t\t\t\t\t\t<div class=\"uagb-post__text uagb-post__cta wp-block-button\">\n\t\t\t\t<a class=\"wp-block-button__link uagb-text-link\" style=\"\" href=\"https:\/\/leguminnov36.fr\/fr\/trefle-violet\/\" target=\"_self\" rel=\"bookmark noopener noreferrer\">Read More<\/a>\n\t\t\t<\/div>\n\t\t\t\n\t\t\t\t\t\t\t\t\t<\/article>\n\t\t\t\t\t\t\t\t\t\t\t<\/div>\n\t\t\t\n\n\n<div style=\"height:100px\" aria-hidden=\"true\" class=\"wp-block-spacer\"><\/div>\n\n\n\n<div class=\"wp-block-uagb-buttons uagb-buttons__outer-wrap uagb-btn__default-btn uagb-btn-tablet__default-btn uagb-btn-mobile__default-btn uagb-block-84eee4ca\"><div class=\"uagb-buttons__wrap uagb-buttons-layout-wrap\"><\/div><\/div>\n\n\n\n<p class=\"wp-block-paragraph\"><\/p>","protected":false},"excerpt":{"rendered":"<p>Notre actualit\u00e9<\/p>","protected":false},"author":1,"featured_media":0,"parent":0,"menu_order":0,"comment_status":"closed","ping_status":"closed","template":"","meta":{"_acf_changed":false,"_crdt_document":"","_uag_custom_page_level_css":"","site-sidebar-layout":"no-sidebar","site-content-layout":"plain-container","ast-site-content-layout":"normal-width-container","site-content-style":"unboxed","site-sidebar-style":"unboxed","ast-global-header-display":"","ast-banner-title-visibility":"","ast-main-header-display":"","ast-hfb-above-header-display":"","ast-hfb-below-header-display":"","ast-hfb-mobile-header-display":"","site-post-title":"disabled","ast-breadcrumbs-content":"","ast-featured-img":"disabled","footer-sml-layout":"","theme-transparent-header-meta":"enabled","adv-header-id-meta":"","stick-header-meta":"","header-above-stick-meta":"","header-main-stick-meta":"","header-below-stick-meta":"","astra-migrate-meta-layouts":"set","ast-page-background-enabled":"default","ast-page-background-meta":{"desktop":{"background-color":"","background-image":"","background-repeat":"repeat","background-position":"center center","background-size":"auto","background-attachment":"scroll","background-type":"","background-media":"","overlay-type":"","overlay-color":"","overlay-opacity":"","overlay-gradient":""},"tablet":{"background-color":"","background-image":"","background-repeat":"repeat","background-position":"center center","background-size":"auto","background-attachment":"scroll","background-type":"","background-media":"","overlay-type":"","overlay-color":"","overlay-opacity":"","overlay-gradient":""},"mobile":{"background-color":"","background-image":"","background-repeat":"repeat","background-position":"center center","background-size":"auto","background-attachment":"scroll","background-type":"","background-media":"","overlay-type":"","overlay-color":"","overlay-opacity":"","overlay-gradient":""}},"ast-content-background-meta":{"desktop":{"background-color":"var(--ast-global-color-5)","background-image":"","background-repeat":"repeat","background-position":"center center","background-size":"auto","background-attachment":"scroll","background-type":"","background-media":"","overlay-type":"","overlay-color":"","overlay-opacity":"","overlay-gradient":""},"tablet":{"background-color":"var(--ast-global-color-5)","background-image":"","background-repeat":"repeat","background-position":"center center","background-size":"auto","background-attachment":"scroll","background-type":"","background-media":"","overlay-type":"","overlay-color":"","overlay-opacity":"","overlay-gradient":""},"mobile":{"background-color":"var(--ast-global-color-5)","background-image":"","background-repeat":"repeat","background-position":"center center","background-size":"auto","background-attachment":"scroll","background-type":"","background-media":"","overlay-type":"","overlay-color":"","overlay-opacity":"","overlay-gradient":""}},"_rtcl_gb_attr":"","footnotes":"[]"},"class_list":["post-3652","page","type-page","status-publish","hentry"],"acf":[],"aioseo_notices":[],"uagb_featured_image_src":{"full":false,"thumbnail":false,"medium":false,"medium_large":false,"large":false,"1536x1536":false,"2048x2048":false,"trp-custom-language-flag":false,"rtcl-gallery":false,"rtcl-thumbnail":false,"rtcl-gallery-thumbnail":false,"menu-24x24":false,"menu-36x36":false,"menu-48x48":false},"uagb_author_info":{"display_name":"alexis@lebron.fr","author_link":"https:\/\/leguminnov36.fr\/fr\/author\/alexislebron-fr\/"},"uagb_comment_info":0,"uagb_excerpt":"Notre actualit\u00e9","_links":{"self":[{"href":"https:\/\/leguminnov36.fr\/fr\/wp-json\/wp\/v2\/pages\/3652","targetHints":{"allow":["GET"]}}],"collection":[{"href":"https:\/\/leguminnov36.fr\/fr\/wp-json\/wp\/v2\/pages"}],"about":[{"href":"https:\/\/leguminnov36.fr\/fr\/wp-json\/wp\/v2\/types\/page"}],"author":[{"embeddable":true,"href":"https:\/\/leguminnov36.fr\/fr\/wp-json\/wp\/v2\/users\/1"}],"replies":[{"embeddable":true,"href":"https:\/\/leguminnov36.fr\/fr\/wp-json\/wp\/v2\/comments?post=3652"}],"version-history":[{"count":5,"href":"https:\/\/leguminnov36.fr\/fr\/wp-json\/wp\/v2\/pages\/3652\/revisions"}],"predecessor-version":[{"id":3665,"href":"https:\/\/leguminnov36.fr\/fr\/wp-json\/wp\/v2\/pages\/3652\/revisions\/3665"}],"wp:attachment":[{"href":"https:\/\/leguminnov36.fr\/fr\/wp-json\/wp\/v2\/media?parent=3652"}],"curies":[{"name":"wp","href":"https:\/\/api.w.org\/{rel}","templated":true}]}}